{"id":7609,"date":"2025-11-15T00:20:30","date_gmt":"2025-11-14T23:20:30","guid":{"rendered":"https:\/\/scandiso.pl\/index.php\/product\/fotel-gamingowy-f4g-fg-19-bialy\/"},"modified":"2026-04-14T14:03:47","modified_gmt":"2026-04-14T12:03:47","slug":"fotel-gamingowy-f4g-fg-19-bialy","status":"publish","type":"product","link":"https:\/\/scandiso.pl\/index.php\/product\/fotel-gamingowy-f4g-fg-19-bialy\/","title":{"rendered":"FOTEL GAMINGOWY F4G FG-19 BIA\u0141Y"},"content":{"rendered":"<p style=\"text-align:justify\">Fotel Gamingowy F4G FG19 o nowoczesnym designie, wykonany zosta\u0142 ze sk\u00f3ry ekologicznej. Jest on stworzony z my\u015bl\u0105 o osobach sp\u0119dzaj\u0105cych du\u017co czasu za biurkiem \u2013 przede wszystkim dla graczy, jak r\u00f3wnie\u017c os\u00f3b d\u0142ugo pracuj\u0105cych przy komputerze. Wyprofilowane oparcie i wygodne siedzisko, odci\u0105\u017caj\u0105 kr\u0119gos\u0142up, kt\u00f3ry nie odczuje kilkugodzinnego siedzenia w jednym miejscu. Czarno-bia\u0142a kolorystyka fotela wraz ze stylowymi wyci\u0119ciami w oparciu sprawiaj\u0105, \u017ce produkt b\u0119dzie pasowa\u0142 do ka\u017cdej aran\u017cacji wn\u0119trza, nadaj\u0105c mu odrobin\u0119 nowoczesno\u015bci.<\/p>\n<p style=\"text-align:justify\">Cechy fotela:<\/p>\n<ul style=\"list-style-type:disc\">\n<li>wyprofilowane oparcie dopasowuje si\u0119 do naturalnych krzywizn kr\u0119gos\u0142upa;<\/li>\n<li>fotel posiada silikonowo-kauczukowe k\u00f3\u0142ka, u\u0142atwiaj\u0105ce przemieszczanie si\u0119 mebla i nie rysuj\u0105ce pod\u0142ogi;<\/li>\n<li>sk\u00f3ra ekologiczna, z kt\u00f3rej wykonano fotel, jest \u0142atwa w czyszczeniu;<\/li>\n<li>fotel obrotowy, wraz z mo\u017cliwo\u015bci\u0105 regulacji wysoko\u015bci, odpowiednio do swojego wzrostu;<\/li>\n<li>pod\u0142okietniki zapewniaj\u0105 w\u0142a\u015bciwe wsparcie przedramion;<\/li>\n<li>pi\u0119cioramienna podstawa nadaje stabiln\u0105 pozycj\u0119 siedzenia.<\/li>\n<\/ul>\n","protected":false},"excerpt":{"rendered":"<p>Fotel przeznaczony do zastosowa\u0144 gamingowych oraz biurowych. Wariant wersji fotela FG21<\/p>\n","protected":false},"featured_media":7595,"template":"","meta":[],"product_brand":[57],"product_cat":[35],"product_tag":[],"class_list":{"0":"post-7609","1":"product","2":"type-product","3":"status-publish","4":"has-post-thumbnail","6":"product_brand-akord-furniture-factory","7":"product_cat-krzesla-i-fotele","9":"first","10":"instock","11":"taxable","12":"shipping-taxable","13":"purchasable","14":"product-type-simple"},"_links":{"self":[{"href":"https:\/\/scandiso.pl\/index.php\/wp-json\/wp\/v2\/product\/7609","targetHints":{"allow":["GET"]}}],"collection":[{"href":"https:\/\/scandiso.pl\/index.php\/wp-json\/wp\/v2\/product"}],"about":[{"href":"https:\/\/scandiso.pl\/index.php\/wp-json\/wp\/v2\/types\/product"}],"wp:featuredmedia":[{"embeddable":true,"href":"https:\/\/scandiso.pl\/index.php\/wp-json\/wp\/v2\/media\/7595"}],"wp:attachment":[{"href":"https:\/\/scandiso.pl\/index.php\/wp-json\/wp\/v2\/media?parent=7609"}],"wp:term":[{"taxonomy":"product_brand","embeddable":true,"href":"https:\/\/scandiso.pl\/index.php\/wp-json\/wp\/v2\/product_brand?post=7609"},{"taxonomy":"product_cat","embeddable":true,"href":"https:\/\/scandiso.pl\/index.php\/wp-json\/wp\/v2\/product_cat?post=7609"},{"taxonomy":"product_tag","embeddable":true,"href":"https:\/\/scandiso.pl\/index.php\/wp-json\/wp\/v2\/product_tag?post=7609"}],"curies":[{"name":"wp","href":"https:\/\/api.w.org\/{rel}","templated":true}]}}