{"id":7796,"date":"2025-11-15T00:21:48","date_gmt":"2025-11-14T23:21:48","guid":{"rendered":"https:\/\/scandiso.pl\/index.php\/product\/krzeslo-sj-0159-granatowy\/"},"modified":"2026-03-10T09:17:15","modified_gmt":"2026-03-10T08:17:15","slug":"krzeslo-sj-0159-granatowy","status":"publish","type":"product","link":"https:\/\/scandiso.pl\/index.php\/product\/krzeslo-sj-0159-granatowy\/","title":{"rendered":"KRZES\u0141O SJ.0159 GRANATOWY"},"content":{"rendered":"<p>Eleganckie krzes\u0142o w kolorze granatowym. Drewniane nogi nadaj\u0105 temu produktowi nowoczesno\u015bci a zarazem stylowo\u015bci. Krzes\u0142o dzi\u0119ki obiciu materia\u0142owemu jest bardzo \u0142adne a przy tym wygodne. Nada si\u0119 si\u0119 do salonu, biura, sypialni, poczekalni lub recepcji. Krzes\u0142o sprzedawane jest w kompletach &#8211; 4 szt. w jednym opakowaniu.<\/p>\n","protected":false},"excerpt":{"rendered":"<p>Krzes\u0142o\u00a0w stylu skandynawskim\u00a0z drewnianymi nogami.<\/p>\n","protected":false},"featured_media":7782,"template":"","meta":[],"product_brand":[57],"product_cat":[35],"product_tag":[],"class_list":{"0":"post-7796","1":"product","2":"type-product","3":"status-publish","4":"has-post-thumbnail","6":"product_brand-akord-furniture-factory","7":"product_cat-krzesla-i-fotele","9":"first","10":"instock","11":"taxable","12":"shipping-taxable","13":"purchasable","14":"product-type-simple"},"_links":{"self":[{"href":"https:\/\/scandiso.pl\/index.php\/wp-json\/wp\/v2\/product\/7796","targetHints":{"allow":["GET"]}}],"collection":[{"href":"https:\/\/scandiso.pl\/index.php\/wp-json\/wp\/v2\/product"}],"about":[{"href":"https:\/\/scandiso.pl\/index.php\/wp-json\/wp\/v2\/types\/product"}],"wp:featuredmedia":[{"embeddable":true,"href":"https:\/\/scandiso.pl\/index.php\/wp-json\/wp\/v2\/media\/7782"}],"wp:attachment":[{"href":"https:\/\/scandiso.pl\/index.php\/wp-json\/wp\/v2\/media?parent=7796"}],"wp:term":[{"taxonomy":"product_brand","embeddable":true,"href":"https:\/\/scandiso.pl\/index.php\/wp-json\/wp\/v2\/product_brand?post=7796"},{"taxonomy":"product_cat","embeddable":true,"href":"https:\/\/scandiso.pl\/index.php\/wp-json\/wp\/v2\/product_cat?post=7796"},{"taxonomy":"product_tag","embeddable":true,"href":"https:\/\/scandiso.pl\/index.php\/wp-json\/wp\/v2\/product_tag?post=7796"}],"curies":[{"name":"wp","href":"https:\/\/api.w.org\/{rel}","templated":true}]}}