{"id":7998,"date":"2025-11-15T00:23:04","date_gmt":"2025-11-14T23:23:04","guid":{"rendered":"https:\/\/scandiso.pl\/index.php\/product\/4x-krzeslo-sj-077-butelkowa-zielen\/"},"modified":"2026-03-12T19:01:35","modified_gmt":"2026-03-12T18:01:35","slug":"4x-krzeslo-sj-077-butelkowa-zielen","status":"publish","type":"product","link":"https:\/\/scandiso.pl\/index.php\/product\/4x-krzeslo-sj-077-butelkowa-zielen\/","title":{"rendered":"4x KRZES\u0141O SJ.077 BUTELKOWA ZIELE\u0143"},"content":{"rendered":"<h3><span style=\"font-size:11px;font-weight:400\">Nowoczesne wzornictwo i panuj\u0105ce trendy pokazuj\u0105 jak wspania\u0142ym i praktycznym materia\u0142em jest welur. Tak\u0105 seri\u0119 naszych krzese\u0142 chcieliby\u015bmy zaproponowa\u0107 Pa\u0144stwu jako dodatek do nowoczesnych i stylowych wn\u0119trz. Krzes\u0142o typu SJ.077 posiada nogi metalowe w kolorze czarnym. Takie nogi pasuj\u0105 zar\u00f3wno do klasycznego wystroju jak i do nowoczesnych aran\u017cacji. Tapicerka welurowa okala siedzisko i oparcie dzi\u0119ki czemu fotel jest mi\u0142y w dotyku i nie powoduje dyskomfortu w letnie dni. Pikowane zastosowane podczas tapicerowania dodaje jeszcze bardziej eleganckiego wygl\u0105du i ponadczasowej stylistyki. Sprzedajemy w formie czterech sztuk krzese\u0142 w zestawie.<\/span><\/h3>\n","protected":false},"excerpt":{"rendered":"<p>Krzes\u0142o pikowane do jadalni i salonu wykonane z materia\u0142u typu welur.<\/p>\n","protected":false},"featured_media":7977,"template":"","meta":[],"product_brand":[57],"product_cat":[35],"product_tag":[],"class_list":{"0":"post-7998","1":"product","2":"type-product","3":"status-publish","4":"has-post-thumbnail","6":"product_brand-akord-furniture-factory","7":"product_cat-krzesla-i-fotele","9":"first","10":"instock","11":"taxable","12":"shipping-taxable","13":"purchasable","14":"product-type-simple"},"_links":{"self":[{"href":"https:\/\/scandiso.pl\/index.php\/wp-json\/wp\/v2\/product\/7998","targetHints":{"allow":["GET"]}}],"collection":[{"href":"https:\/\/scandiso.pl\/index.php\/wp-json\/wp\/v2\/product"}],"about":[{"href":"https:\/\/scandiso.pl\/index.php\/wp-json\/wp\/v2\/types\/product"}],"wp:featuredmedia":[{"embeddable":true,"href":"https:\/\/scandiso.pl\/index.php\/wp-json\/wp\/v2\/media\/7977"}],"wp:attachment":[{"href":"https:\/\/scandiso.pl\/index.php\/wp-json\/wp\/v2\/media?parent=7998"}],"wp:term":[{"taxonomy":"product_brand","embeddable":true,"href":"https:\/\/scandiso.pl\/index.php\/wp-json\/wp\/v2\/product_brand?post=7998"},{"taxonomy":"product_cat","embeddable":true,"href":"https:\/\/scandiso.pl\/index.php\/wp-json\/wp\/v2\/product_cat?post=7998"},{"taxonomy":"product_tag","embeddable":true,"href":"https:\/\/scandiso.pl\/index.php\/wp-json\/wp\/v2\/product_tag?post=7998"}],"curies":[{"name":"wp","href":"https:\/\/api.w.org\/{rel}","templated":true}]}}