{"id":826,"date":"2025-10-07T10:03:49","date_gmt":"2025-10-07T08:03:49","guid":{"rendered":"http:\/\/serwer372429.lh.pl\/autoinstalator\/serwer372429.lh.pl\/wordpress128121\/index.php\/product\/biurko-mijas-prawe-arteso-blue-niebieski\/"},"modified":"2026-04-11T02:43:32","modified_gmt":"2026-04-11T00:43:32","slug":"biurko-mijas-prawe-arteso-blue-niebieski","status":"publish","type":"product","link":"https:\/\/scandiso.pl\/index.php\/product\/biurko-mijas-prawe-arteso-blue-niebieski\/","title":{"rendered":"Biurko Mijas PRAWE ARTESO BLUE NIEBIESKI"},"content":{"rendered":"<p><strong>FUNKCJONALNE BIURKO Z 4 SZUFLADAMI<\/strong><\/p>\n<p>\t<strong>MODEL MIJAS ARTESO PRAWE<\/strong><\/p>\n<p>\t<strong>KOLOR:<br \/>\n\tKorpus: BIA\u0141Y<br \/>\n\tFront: BIA\u0141Y \/ NIEBIESKI<\/strong><\/p>\n<p>\tNowoczesne biurko z kolekcji MIJAS i serii <strong>ARTESO<\/strong> to funkcjonalny mebel, kt&oacute;ry \u015bwietnie sprawdzi si\u0119 w pokoju m\u0142odzie\u017cowym lub w pokoju dziecka.<\/p>\n<p>\tSeria ARTESO charakteryzuje si\u0119 nadrukowanymi, pionowymi wzorami na froncie mebla.<\/p>\n<ul>\n<li>\n\t\tIdealne miejsce na laptopa<\/li>\n<li>\n\t\t3 pojemne wysokie szuflady z prawej strony (w tym 2 szuflady z niebieskimi wzorami) i 1 niska z lewej strony pod blatem<\/li>\n<li>\n\t\tFronty bez uchwyt&oacute;w<\/li>\n<li>\n\t\tBiurko dedykowane do pokoju dziecka \/ pokoju m\u0142odzie\u017cowego<\/li>\n<li>\n\t\tProsta i nowoczesna konstrukcja tworzy komfortow\u0105 przestrze\u0144 do pracy i zabawy<\/li>\n<li>\n\t\tG\u0142adkie boki bez za\u015blepek<\/li>\n<li>\n\t\t\u0141atwy monta\u017c<\/li>\n<li>\n\t\tPolski producent<\/li>\n<\/ul>\n<p><strong>MATERIA\u0141:<\/strong><\/p>\n<p>\tKorpus i front &#8211; p\u0142yta wi&oacute;rowa laminowana 16 mm.<\/p>\n<p>\tSzuflady &#8211; na prowadnicach rolkowych to gwarancja wygodnego, a przede wszystkim bezpiecznego u\u017cytkowania dzi\u0119ki blokadzie wysuwu.<\/p>\n<p>\t<strong>WYMIARY:<\/strong><\/p>\n<p>\tG\u0142\u0119boko\u015b\u0107: 51 cm<\/p>\n<p>\tSzeroko\u015b\u0107: 98 cm<\/p>\n<p>\tWysoko\u015b\u0107: 76 cm<\/p>\n<p>\t<strong>WYMIARY SZCZEG&Oacute;\u0141&Oacute;WE:<\/strong><\/p>\n<p>\t<strong>Przestrze\u0144 na nogi:<\/strong><\/p>\n<p>\tSzeroko\u015b\u0107 przestrzeni na nogi: 61 cm<\/p>\n<p>\tWysoko\u015b\u0107 przestrzeni na nogi: 62 cm<\/p>\n<p>\t<strong>Wymiary wysokiej szuflady:<\/strong><\/p>\n<p>\tSzeroko\u015b\u0107: 24 cm<\/p>\n<p>\tG\u0142\u0119boko\u015b\u0107: 38 cm<\/p>\n<p>\tWysoko\u015b\u0107: 11,5 cm<\/p>\n<p>\tWysoko\u015b\u0107 frontu szuflady: 19,5 cm<\/p>\n<p>\tSzeroko\u015b\u0107 frontu szuflady: 32,5 cm<\/p>\n<p>\t<strong>Wymiary niskiej szuflady:<\/strong><\/p>\n<p>\tSzeroko\u015b\u0107: 56 cm<\/p>\n<p>\tG\u0142\u0119boko\u015b\u0107: 28 cm<\/p>\n<p>\tWysoko\u015b\u0107: 8 cm<\/p>\n<p>\tWysoko\u015b\u0107 frontu szuflady: 12 cm<\/p>\n<p>\tSzeroko\u015b\u0107 frontu szuflady: 62,5 cm<\/p>\n<p>\tSzeroko\u015b\u0107 frontu drzwi: 32,5 cm<\/p>\n<p>\t<strong>U\u017bYTKOWANIE:<\/strong><\/p>\n<p>\tPowierzchni\u0119 mebla czy\u015bci\u0107 przy pomocy mi\u0119kkiej szmatki. Unika\u0107 stosowania silnie dzia\u0142aj\u0105cych \u015brodk&oacute;w chemicznych.<\/p>\n<p>\t<strong>W opakowaniu:<\/strong><\/p>\n<p>\tInstrukcja monta\u017cu wraz ze wszystkimi potrzebnymi akcesoriami monta\u017cowymi.<\/p>\n<p>\tMeble s\u0105 fabrycznie zapakowane do samodzielnego monta\u017cu.<\/p>\n<p>\t<em><strong data-end=\"82\" data-start=\"67\">Informacja:<\/strong><\/em><\/p>\n<p>\n\t<em>Dok\u0142adamy wszelkich stara\u0144, aby kolory mebli prezentowane na zdj\u0119ciach by\u0142y odwzorowane mo\u017cliwie jak najdok\u0142adniej. Nale\u017cy jednak pami\u0119ta\u0107, \u017ce ich odbi&oacute;r mo\u017ce si\u0119 r&oacute;\u017cni\u0107 w zale\u017cno\u015bci od indywidualnych ustawie\u0144 monitora lub ekranu (takich jak jasno\u015b\u0107, kontrast, temperatura barwowa czy technologia wy\u015bwietlania). Rzeczywisty odcie\u0144 produktu mo\u017ce si\u0119 tak\u017ce r&oacute;\u017cni\u0107 w zale\u017cno\u015bci od warunk&oacute;w o\u015bwietleniowych.<br data-end=\"491\" data-is-only-node=\"\" data-start=\"488\" \/><br \/>\n\tEwentualne r&oacute;\u017cnice kolorystyczne nie wynikaj\u0105 z wady produktu.<\/em><\/p>\n","protected":false},"excerpt":{"rendered":"<p><strong>MATERIA\u0141:<\/strong><\/p>\n<p>\tKorpus i front &#8211; p\u0142yta wi&oacute;rowa laminowana 16 mm.<\/p>\n<p>\tSzuflady &#8211; na prowadnicach rolkowych to gwarancja wygodnego, a przede wszystkim bezpiecznego u\u017cytkowania dzi\u0119ki blokadzie wysuwu.<\/p>\n<p>\t<strong>WYMIARY:<\/strong><\/p>\n<p>\tG\u0142\u0119boko\u015b\u0107: 51 cm<\/p>\n<p>\tSzeroko\u015b\u0107: 98 cm<\/p>\n<p>\tWysoko\u015b\u0107: 76 cm<\/p>\n<p>\t<strong>WYMIARY SZCZEG&Oacute;\u0141&Oacute;WE:<\/strong><\/p>\n<p>\t<strong>Przestrze\u0144 na nogi:<\/strong><\/p>\n<p>\tSzeroko\u015b\u0107 przestrzeni na nogi: 61 cm<\/p>\n<p>\tWysoko\u015b\u0107 przestrzeni na nogi: 62 cm<\/p>\n<p>\t<strong>Wymiary wysokiej szuflady:<\/strong><\/p>\n<p>\tSzeroko\u015b\u0107: 24 cm<\/p>\n<p>\tG\u0142\u0119boko\u015b\u0107: 38 cm<\/p>\n<p>\tWysoko\u015b\u0107: 11,5 cm<\/p>\n<p>\tWysoko\u015b\u0107 frontu szuflady: 19,5 cm<\/p>\n<p>\tSzeroko\u015b\u0107 frontu szuflady: 32,5 cm<\/p>\n<p>\t<strong>Wymiary niskiej szuflady:<\/strong><\/p>\n<p>\tSzeroko\u015b\u0107: 56 cm<\/p>\n<p>\tG\u0142\u0119boko\u015b\u0107: 28 cm<\/p>\n<p>\tWysoko\u015b\u0107: 8 cm<\/p>\n<p>\tWysoko\u015b\u0107 frontu szuflady: 12 cm<\/p>\n<p>\tSzeroko\u015b\u0107 frontu szuflady: 62,5 cm<\/p>\n<p>\tSzeroko\u015b\u0107 frontu drzwi: 32,5 cm<\/p>\n<p>\t<strong>U\u017bYTKOWANIE:<\/strong><\/p>\n<p>\tPowierzchni\u0119 mebla czy\u015bci\u0107 przy pomocy mi\u0119kkiej szmatki. Unika\u0107 stosowania silnie dzia\u0142aj\u0105cych \u015brodk&oacute;w chemicznych.<\/p>\n<p>\t<strong>W opakowaniu:<\/strong><\/p>\n<p>\tInstrukcja monta\u017cu wraz ze wszystkimi potrzebnymi akcesoriami monta\u017cowymi.<\/p>\n<p>\tMeble s\u0105 fabrycznie zapakowane do samodzielnego monta\u017cu.<\/p>\n<p>\t<em><strong data-end=\"82\" data-start=\"67\">Informacja:<\/strong><\/em><\/p>\n<p>\n\t<em>Dok\u0142adamy wszelkich stara\u0144, aby kolory mebli prezentowane na zdj\u0119ciach by\u0142y odwzorowane mo\u017cliwie jak najdok\u0142adniej. Nale\u017cy jednak pami\u0119ta\u0107, \u017ce ich odbi&oacute;r mo\u017ce si\u0119 r&oacute;\u017cni\u0107 w zale\u017cno\u015bci od indywidualnych ustawie\u0144 monitora lub ekranu (takich jak jasno\u015b\u0107, kontrast, temperatura barwowa czy technologia wy\u015bwietlania). Rzeczywisty odcie\u0144 produktu mo\u017ce si\u0119 tak\u017ce r&oacute;\u017cni\u0107 w zale\u017cno\u015bci od warunk&oacute;w o\u015bwietleniowych.<br data-end=\"491\" data-is-only-node=\"\" data-start=\"488\" \/><br \/>\n\tEwentualne r&oacute;\u017cnice kolorystyczne nie wynikaj\u0105 z wady produktu.<\/em><\/p>\n","protected":false},"featured_media":827,"template":"","meta":[],"product_brand":[64],"product_cat":[36],"product_tag":[],"class_list":{"0":"post-826","1":"product","2":"type-product","3":"status-publish","4":"has-post-thumbnail","6":"product_brand-topeshop","7":"product_cat-biurka","9":"first","10":"instock","11":"taxable","12":"shipping-taxable","13":"purchasable","14":"product-type-simple"},"_links":{"self":[{"href":"https:\/\/scandiso.pl\/index.php\/wp-json\/wp\/v2\/product\/826","targetHints":{"allow":["GET"]}}],"collection":[{"href":"https:\/\/scandiso.pl\/index.php\/wp-json\/wp\/v2\/product"}],"about":[{"href":"https:\/\/scandiso.pl\/index.php\/wp-json\/wp\/v2\/types\/product"}],"wp:featuredmedia":[{"embeddable":true,"href":"https:\/\/scandiso.pl\/index.php\/wp-json\/wp\/v2\/media\/827"}],"wp:attachment":[{"href":"https:\/\/scandiso.pl\/index.php\/wp-json\/wp\/v2\/media?parent=826"}],"wp:term":[{"taxonomy":"product_brand","embeddable":true,"href":"https:\/\/scandiso.pl\/index.php\/wp-json\/wp\/v2\/product_brand?post=826"},{"taxonomy":"product_cat","embeddable":true,"href":"https:\/\/scandiso.pl\/index.php\/wp-json\/wp\/v2\/product_cat?post=826"},{"taxonomy":"product_tag","embeddable":true,"href":"https:\/\/scandiso.pl\/index.php\/wp-json\/wp\/v2\/product_tag?post=826"}],"curies":[{"name":"wp","href":"https:\/\/api.w.org\/{rel}","templated":true}]}}