{"id":957,"date":"2025-09-26T08:34:27","date_gmt":"2025-09-26T06:34:27","guid":{"rendered":"http:\/\/serwer372429.lh.pl\/autoinstalator\/serwer372429.lh.pl\/wordpress128121\/index.php\/product\/fotel-drift-drift-niebieski\/"},"modified":"2026-03-11T01:46:56","modified_gmt":"2026-03-11T00:46:56","slug":"fotel-drift-drift-niebieski","status":"publish","type":"product","link":"https:\/\/scandiso.pl\/index.php\/product\/fotel-drift-drift-niebieski\/","title":{"rendered":"Fotel Drift DRIFT NIEBIESKI"},"content":{"rendered":"<p><strong>FOTEL OBROTOWY GAMINGOWY<\/strong><\/p>\n<p>\t<strong>MODEL: DRIFT<\/strong><\/p>\n<p>\t<strong>KOLOR: NIEBIESKI<\/strong><\/p>\n<p>\tPracujesz, grasz, a mo\u017ce godzinami uczysz si\u0119 przy biurku?<\/p>\n<p>\tKa\u017cde z tych zada\u0144 wymaga odpowiedniego komfortu. Twoje oczekiwania spe\u0142ni nasz ergonomiczny fotel gamingowy DRIFT.<\/p>\n<p>\tG\u0142&oacute;wne cechy:<\/p>\n<ul>\n<li>\n\t\tSolidne wykonanie, prosty monta\u017c<\/li>\n<li>\n\t\tZaprojektowany z my\u015bl\u0105 o zapewnieniu poprawnej pozycji cia\u0142a oraz wygody podczas d\u0142ugich godzin pracy czy rozrywki przy komputerze<\/li>\n<li>\n\t\tMateria\u0142 obicia: ekosk&oacute;ra + pianka MESH<\/li>\n<li>\n\t\tWysokiej klasy podno\u015bnik gazowy, regulacja d&oacute;\u0142 \/ g&oacute;ra<\/li>\n<li>\n\t\tMechanizm TILT<\/li>\n<li>\n\t\tPodstawa z tworzywa sztucznego<\/li>\n<li>\n\t\tNylonowe pod\u0142okietniki zapewniaj\u0105 odpowiednie podparcie r\u0105k<\/li>\n<li>\n\t\tK&oacute;\u0142ka gumowe<\/li>\n<\/ul>\n<p><strong>Wymiary:<\/strong><\/p>\n<p>\twysoko\u015b\u0107 ca\u0142kowita: 120 &#8211; 130 cm<\/p>\n<p>\tszeroko\u015b\u0107 ca\u0142kowita: 66 cm<\/p>\n<p>\tg\u0142\u0119boko\u015b\u0107 ca\u0142kowita: 67 cm<\/p>\n<p>\tszeroko\u015b\u0107 siedziska 52 cm<\/p>\n<p>\t<strong>U\u017cytkowanie:<\/strong><\/p>\n<p>\tPowierzchni\u0119 mebla czy\u015bci\u0107 przy pomocy mi\u0119kkiej szmatki. Unika\u0107 stosowania silnie dzia\u0142aj\u0105cych \u015brodk&oacute;w chemicznych.<\/p>\n<p>\t<strong>W opakowaniu:<\/strong><\/p>\n<p>\tInstrukcja monta\u017cu wraz ze wszystkimi potrzebnymi akcesoriami monta\u017cowymi.<\/p>\n<p>\tMeble s\u0105 fabrycznie zapakowane do samodzielnego monta\u017cu.<\/p>\n<p>\n\t\t<em><strong data-end=\"82\" data-start=\"67\">Informacja:<\/strong><\/em><\/p>\n<p>\n\t\t<em>Dok\u0142adamy wszelkich stara\u0144, aby kolory mebli prezentowane na zdj\u0119ciach by\u0142y odwzorowane mo\u017cliwie jak najdok\u0142adniej. Nale\u017cy jednak pami\u0119ta\u0107, \u017ce ich odbi&oacute;r mo\u017ce si\u0119 r&oacute;\u017cni\u0107 w zale\u017cno\u015bci od indywidualnych ustawie\u0144 monitora lub ekranu (takich jak jasno\u015b\u0107, kontrast, temperatura barwowa czy technologia wy\u015bwietlania). Rzeczywisty odcie\u0144 produktu mo\u017ce si\u0119 tak\u017ce r&oacute;\u017cni\u0107 w zale\u017cno\u015bci od warunk&oacute;w o\u015bwietleniowych.<br data-end=\"491\" data-is-only-node=\"\" data-start=\"488\" \/><br \/>\n\t\tEwentualne r&oacute;\u017cnice kolorystyczne nie wynikaj\u0105 z wady produktu.<\/em><\/p><\/p>\n","protected":false},"excerpt":{"rendered":"<p><strong>Wymiary:<\/strong><\/p>\n<p>\twysoko\u015b\u0107 ca\u0142kowita: 120 &#8211; 130 cm<\/p>\n<p>\tszeroko\u015b\u0107 ca\u0142kowita: 66 cm<\/p>\n<p>\tg\u0142\u0119boko\u015b\u0107 ca\u0142kowita: 67 cm<\/p>\n<p>\tszeroko\u015b\u0107 siedziska 52 cm<\/p>\n<p>\t<strong>U\u017cytkowanie:<\/strong><\/p>\n<p>\tPowierzchni\u0119 mebla czy\u015bci\u0107 przy pomocy mi\u0119kkiej szmatki. Unika\u0107 stosowania silnie dzia\u0142aj\u0105cych \u015brodk&oacute;w chemicznych.<\/p>\n<p>\t<strong>W opakowaniu:<\/strong><\/p>\n<p>\tInstrukcja monta\u017cu wraz ze wszystkimi potrzebnymi akcesoriami monta\u017cowymi.<\/p>\n<p>\tMeble s\u0105 fabrycznie zapakowane do samodzielnego monta\u017cu.<\/p>\n<p>\n\t\t<em><strong data-end=\"82\" data-start=\"67\">Informacja:<\/strong><\/em><\/p>\n<p>\n\t\t<em>Dok\u0142adamy wszelkich stara\u0144, aby kolory mebli prezentowane na zdj\u0119ciach by\u0142y odwzorowane mo\u017cliwie jak najdok\u0142adniej. Nale\u017cy jednak pami\u0119ta\u0107, \u017ce ich odbi&oacute;r mo\u017ce si\u0119 r&oacute;\u017cni\u0107 w zale\u017cno\u015bci od indywidualnych ustawie\u0144 monitora lub ekranu (takich jak jasno\u015b\u0107, kontrast, temperatura barwowa czy technologia wy\u015bwietlania). Rzeczywisty odcie\u0144 produktu mo\u017ce si\u0119 tak\u017ce r&oacute;\u017cni\u0107 w zale\u017cno\u015bci od warunk&oacute;w o\u015bwietleniowych.<br data-end=\"491\" data-is-only-node=\"\" data-start=\"488\" \/><br \/>\n\t\tEwentualne r&oacute;\u017cnice kolorystyczne nie wynikaj\u0105 z wady produktu.<\/em><\/p><\/p>\n","protected":false},"featured_media":958,"template":"","meta":[],"product_brand":[64],"product_cat":[35],"product_tag":[],"class_list":{"0":"post-957","1":"product","2":"type-product","3":"status-publish","4":"has-post-thumbnail","6":"product_brand-topeshop","7":"product_cat-krzesla-i-fotele","9":"first","10":"instock","11":"taxable","12":"shipping-taxable","13":"purchasable","14":"product-type-simple"},"_links":{"self":[{"href":"https:\/\/scandiso.pl\/index.php\/wp-json\/wp\/v2\/product\/957","targetHints":{"allow":["GET"]}}],"collection":[{"href":"https:\/\/scandiso.pl\/index.php\/wp-json\/wp\/v2\/product"}],"about":[{"href":"https:\/\/scandiso.pl\/index.php\/wp-json\/wp\/v2\/types\/product"}],"wp:featuredmedia":[{"embeddable":true,"href":"https:\/\/scandiso.pl\/index.php\/wp-json\/wp\/v2\/media\/958"}],"wp:attachment":[{"href":"https:\/\/scandiso.pl\/index.php\/wp-json\/wp\/v2\/media?parent=957"}],"wp:term":[{"taxonomy":"product_brand","embeddable":true,"href":"https:\/\/scandiso.pl\/index.php\/wp-json\/wp\/v2\/product_brand?post=957"},{"taxonomy":"product_cat","embeddable":true,"href":"https:\/\/scandiso.pl\/index.php\/wp-json\/wp\/v2\/product_cat?post=957"},{"taxonomy":"product_tag","embeddable":true,"href":"https:\/\/scandiso.pl\/index.php\/wp-json\/wp\/v2\/product_tag?post=957"}],"curies":[{"name":"wp","href":"https:\/\/api.w.org\/{rel}","templated":true}]}}