{"id":9946,"date":"2025-11-15T00:52:23","date_gmt":"2025-11-14T23:52:23","guid":{"rendered":"https:\/\/scandiso.pl\/index.php\/product\/wozek-turystyczny-transportowy-tyrs-skladany-145l-czerwony\/"},"modified":"2026-03-04T11:10:56","modified_gmt":"2026-03-04T10:10:56","slug":"wozek-turystyczny-transportowy-tyrs-skladany-145l-czerwony","status":"publish","type":"product","link":"https:\/\/scandiso.pl\/index.php\/product\/wozek-turystyczny-transportowy-tyrs-skladany-145l-czerwony\/","title":{"rendered":"W\u00f3zek turystyczny transportowy TYRS sk\u0142adany 145L Czerwony"},"content":{"rendered":"<p>Przedstawiamy sk\u0142adany w\u00f3zek turystyczny TYRS czerwony o pojemno\u015bci 145 litr\u00f3w. Doskona\u0142e rozwi\u0105zanie dla letnich wyjazd\u00f3w z rodzin\u0105 na pla\u017c\u0119 czy piknik. Konstrukcja w\u00f3zka wykonana z wytrzyma\u0142ego metalu oraz tkaniny OXFORD zapewnia solidno\u015b\u0107 i niezawodno\u015b\u0107 w transporcie sprz\u0119tu. Dzi\u0119ki du\u017cym k\u00f3\u0142kom, poruszanie si\u0119 po trudnym terenie staje si\u0119 \u0142atwiejsze. \u0141atwe sk\u0142adanie w\u00f3zka do kompaktowych rozmiar\u00f3w sprawia, \u017ce zajmuje niewiele miejsca w baga\u017cniku samochodu. Maksymalne obci\u0105\u017cenie to 110 kg, a kompaktowe wymiary 50 cm x 59 cm x 88 cm sprawiaj\u0105, \u017ce jest to niezb\u0119dne wyposa\u017cenie podczas aktywno\u015bci na \u015bwie\u017cym powietrzu. Produkt spe\u0142nia europejskie normy bezpiecze\u0144stwa EN 581.<\/p>\n<p><em>*Wymiary mog\u0105 si\u0119 r\u00f3\u017cni\u0107 +\/- 2 cm.<\/em><\/p>\n<p><em>*Prezentowany na zdj\u0119ciach kolor mo\u017ce w niewielkim stopniu r\u00f3\u017cni\u0107 si\u0119 od rzeczywistego, co jest wynikiem okre\u015blonych ustawie\u0144 i parametr\u00f3w wy\u015bwietlacza.<\/em><\/p>\n","protected":false},"excerpt":{"rendered":"<p>W\u00f3zek turystyczny transportowy TYRS czerwony<\/p>\n","protected":false},"featured_media":9931,"template":"","meta":[],"product_brand":[57],"product_cat":[61],"product_tag":[],"class_list":{"0":"post-9946","1":"product","2":"type-product","3":"status-publish","4":"has-post-thumbnail","6":"product_brand-akord-furniture-factory","7":"product_cat-turystyczne","9":"first","10":"instock","11":"taxable","12":"shipping-taxable","13":"purchasable","14":"product-type-simple"},"_links":{"self":[{"href":"https:\/\/scandiso.pl\/index.php\/wp-json\/wp\/v2\/product\/9946","targetHints":{"allow":["GET"]}}],"collection":[{"href":"https:\/\/scandiso.pl\/index.php\/wp-json\/wp\/v2\/product"}],"about":[{"href":"https:\/\/scandiso.pl\/index.php\/wp-json\/wp\/v2\/types\/product"}],"wp:featuredmedia":[{"embeddable":true,"href":"https:\/\/scandiso.pl\/index.php\/wp-json\/wp\/v2\/media\/9931"}],"wp:attachment":[{"href":"https:\/\/scandiso.pl\/index.php\/wp-json\/wp\/v2\/media?parent=9946"}],"wp:term":[{"taxonomy":"product_brand","embeddable":true,"href":"https:\/\/scandiso.pl\/index.php\/wp-json\/wp\/v2\/product_brand?post=9946"},{"taxonomy":"product_cat","embeddable":true,"href":"https:\/\/scandiso.pl\/index.php\/wp-json\/wp\/v2\/product_cat?post=9946"},{"taxonomy":"product_tag","embeddable":true,"href":"https:\/\/scandiso.pl\/index.php\/wp-json\/wp\/v2\/product_tag?post=9946"}],"curies":[{"name":"wp","href":"https:\/\/api.w.org\/{rel}","templated":true}]}}