{"id":9966,"date":"2025-11-15T00:52:32","date_gmt":"2025-11-14T23:52:32","guid":{"rendered":"https:\/\/scandiso.pl\/index.php\/product\/wozek-turystyczny-transportowy-tyrs-skladany-145l-szary\/"},"modified":"2026-03-24T16:02:34","modified_gmt":"2026-03-24T15:02:34","slug":"wozek-turystyczny-transportowy-tyrs-skladany-145l-szary","status":"publish","type":"product","link":"https:\/\/scandiso.pl\/index.php\/product\/wozek-turystyczny-transportowy-tyrs-skladany-145l-szary\/","title":{"rendered":"W\u00f3zek turystyczny transportowy TYRS sk\u0142adany 145L Szary"},"content":{"rendered":"<p>Kupuj\u0105c sk\u0142adany w\u00f3zek turystyczny TYRS o pojemno\u015bci 145 litr\u00f3w, inwestujesz w funkcjonalno\u015b\u0107 i solidno\u015b\u0107. Zaprojektowany z my\u015bl\u0105 o wygodzie podr\u00f3\u017cuj\u0105cych, w\u00f3zek cechuje si\u0119 lekko\u015bci\u0105 oraz wytrzyma\u0142\u0105 stalow\u0105 konstrukcj\u0105. \u0141atwo si\u0119 sk\u0142ada i nie zajmuje du\u017co miejsca, dzi\u0119ki czemu idealnie sprawdzi si\u0119 na pla\u017cy, w parku czy podczas zakup\u00f3w. Maksymalna no\u015bno\u015b\u0107 110 kg gwarantuje, \u017ce bez wysi\u0142ku przetransportujesz wszystkie potrzebne akcesoria. Dodatkowo, spe\u0142nia europejskie normy jako\u015bci, co potwierdza bezpiecze\u0144stwo i solidno\u015b\u0107 produktu. Dost\u0119pny w kilku kolorach, w tym eleganckim szarym, wyr\u00f3\u017cnia si\u0119 uniwersalno\u015bci\u0105 dopasowuj\u0105c si\u0119 do r\u00f3\u017cnorodnych preferencji. Przygotuj si\u0119 na wygodne wakacje z w\u00f3zkiem TYRS!<\/p>\n<p><em>*Wymiary mog\u0105 si\u0119 r\u00f3\u017cni\u0107 +\/- 2 cm.<\/em><\/p>\n<p><em>*Prezentowany na zdj\u0119ciach kolor mo\u017ce w niewielkim stopniu r\u00f3\u017cni\u0107 si\u0119 od rzeczywistego, co jest wynikiem okre\u015blonych ustawie\u0144 i parametr\u00f3w wy\u015bwietlacza.<\/em><\/p>\n","protected":false},"excerpt":{"rendered":"<p>W\u00f3zek turystyczny transportowy TYRS szary<\/p>\n","protected":false},"featured_media":9951,"template":"","meta":[],"product_brand":[57],"product_cat":[61],"product_tag":[],"class_list":{"0":"post-9966","1":"product","2":"type-product","3":"status-publish","4":"has-post-thumbnail","6":"product_brand-akord-furniture-factory","7":"product_cat-turystyczne","9":"first","10":"instock","11":"taxable","12":"shipping-taxable","13":"purchasable","14":"product-type-simple"},"_links":{"self":[{"href":"https:\/\/scandiso.pl\/index.php\/wp-json\/wp\/v2\/product\/9966","targetHints":{"allow":["GET"]}}],"collection":[{"href":"https:\/\/scandiso.pl\/index.php\/wp-json\/wp\/v2\/product"}],"about":[{"href":"https:\/\/scandiso.pl\/index.php\/wp-json\/wp\/v2\/types\/product"}],"wp:featuredmedia":[{"embeddable":true,"href":"https:\/\/scandiso.pl\/index.php\/wp-json\/wp\/v2\/media\/9951"}],"wp:attachment":[{"href":"https:\/\/scandiso.pl\/index.php\/wp-json\/wp\/v2\/media?parent=9966"}],"wp:term":[{"taxonomy":"product_brand","embeddable":true,"href":"https:\/\/scandiso.pl\/index.php\/wp-json\/wp\/v2\/product_brand?post=9966"},{"taxonomy":"product_cat","embeddable":true,"href":"https:\/\/scandiso.pl\/index.php\/wp-json\/wp\/v2\/product_cat?post=9966"},{"taxonomy":"product_tag","embeddable":true,"href":"https:\/\/scandiso.pl\/index.php\/wp-json\/wp\/v2\/product_tag?post=9966"}],"curies":[{"name":"wp","href":"https:\/\/api.w.org\/{rel}","templated":true}]}}