{"id":9994,"date":"2025-11-15T00:52:47","date_gmt":"2025-11-14T23:52:47","guid":{"rendered":"https:\/\/scandiso.pl\/index.php\/product\/wozek-turystyczny-transportowy-tyrs-skladany-145l-zielony\/"},"modified":"2026-04-14T12:49:57","modified_gmt":"2026-04-14T10:49:57","slug":"wozek-turystyczny-transportowy-tyrs-skladany-145l-zielony","status":"publish","type":"product","link":"https:\/\/scandiso.pl\/index.php\/product\/wozek-turystyczny-transportowy-tyrs-skladany-145l-zielony\/","title":{"rendered":"W\u00f3zek turystyczny transportowy TYRS sk\u0142adany 145L Zielony"},"content":{"rendered":"<p>W\u00f3zek pla\u017cowy turystyczny TYRS sk\u0142adany z 145L pojemno\u015bci\u0105 i kolorze zielonym to nieocenione rozwi\u0105zanie dla letnich wypad\u00f3w na pla\u017c\u0119. Dzi\u0119ki solidnej stalowej konstrukcji, w\u00f3zek mo\u017ce ud\u017awign\u0105\u0107 do 110 kg, pomimo swojej lekko\u015bci. Du\u017ce k\u00f3\u0142ka u\u0142atwiaj\u0105 przemieszczanie si\u0119 po r\u00f3\u017cnorodnym terenie, a wysokiej jako\u015bci tkanina Oxford zapewnia mu trwa\u0142o\u015b\u0107 i odporno\u015b\u0107 na warunki atmosferyczne. Wygodne sk\u0142adanie w\u00f3zka do niewielkich rozmiar\u00f3w sprawia, \u017ce bez problemu zmie\u015bci si\u0119 on w baga\u017cniku samochodu czy kamperze. Certyfikat zgodno\u015bci z normami europejskimi EN 581 gwarantuje wysok\u0105 jako\u015b\u0107 i bezpiecze\u0144stwo produktu. Dost\u0119pny w kolorowych wariantach, w\u00f3zek TYRS to praktyczne i stylowe rozwi\u0105zanie dla aktywno\u015bci na powietrzu.<\/p>\n<p><em>*Wymiary mog\u0105 si\u0119 r\u00f3\u017cni\u0107 +\/- 2 cm.<\/em><\/p>\n<p><em>*Prezentowany na zdj\u0119ciach kolor mo\u017ce w niewielkim stopniu r\u00f3\u017cni\u0107 si\u0119 od rzeczywistego, co jest wynikiem okre\u015blonych ustawie\u0144 i parametr\u00f3w wy\u015bwietlacza.<\/em><\/p>\n","protected":false},"excerpt":{"rendered":"<p>W\u00f3zek turystyczny transportowy TYRS zielony<\/p>\n","protected":false},"featured_media":9973,"template":"","meta":[],"product_brand":[57],"product_cat":[61],"product_tag":[],"class_list":{"0":"post-9994","1":"product","2":"type-product","3":"status-publish","4":"has-post-thumbnail","6":"product_brand-akord-furniture-factory","7":"product_cat-turystyczne","9":"first","10":"instock","11":"taxable","12":"shipping-taxable","13":"purchasable","14":"product-type-simple"},"_links":{"self":[{"href":"https:\/\/scandiso.pl\/index.php\/wp-json\/wp\/v2\/product\/9994","targetHints":{"allow":["GET"]}}],"collection":[{"href":"https:\/\/scandiso.pl\/index.php\/wp-json\/wp\/v2\/product"}],"about":[{"href":"https:\/\/scandiso.pl\/index.php\/wp-json\/wp\/v2\/types\/product"}],"wp:featuredmedia":[{"embeddable":true,"href":"https:\/\/scandiso.pl\/index.php\/wp-json\/wp\/v2\/media\/9973"}],"wp:attachment":[{"href":"https:\/\/scandiso.pl\/index.php\/wp-json\/wp\/v2\/media?parent=9994"}],"wp:term":[{"taxonomy":"product_brand","embeddable":true,"href":"https:\/\/scandiso.pl\/index.php\/wp-json\/wp\/v2\/product_brand?post=9994"},{"taxonomy":"product_cat","embeddable":true,"href":"https:\/\/scandiso.pl\/index.php\/wp-json\/wp\/v2\/product_cat?post=9994"},{"taxonomy":"product_tag","embeddable":true,"href":"https:\/\/scandiso.pl\/index.php\/wp-json\/wp\/v2\/product_tag?post=9994"}],"curies":[{"name":"wp","href":"https:\/\/api.w.org\/{rel}","templated":true}]}}